{"id":2059,"date":"2026-01-05T21:27:45","date_gmt":"2026-01-05T21:27:45","guid":{"rendered":"https:\/\/www.sveiflustodin.is\/?post_type=product&#038;p=2059"},"modified":"2026-01-05T22:05:11","modified_gmt":"2026-01-05T22:05:11","slug":"big-apple-part-1","status":"publish","type":"product","link":"https:\/\/www.sveiflustodin.is\/?product=big-apple-part-1","title":{"rendered":"Big Apple 1. hluti"},"content":{"rendered":"<p>Fyrri hluti Big Apple r\u00fat\u00ednunnar sem kennd ver\u00f0ur fr\u00e1 27. jan\u00faar til 3. mars, samtals 6 vikur. M\u00e6lt er me\u00f0 a\u00f0 kl\u00e1ra a.m.k. Jitterbug Stroll \u00e1\u00f0ur en fari\u00f0 er \u00ed Big Apple r\u00fat\u00ednuna.<\/p>\n","protected":false},"excerpt":{"rendered":"<p>Fyrri hluti Big Apple r\u00fat\u00ednunnar sem kennd ver\u00f0ur fr\u00e1 27. jan\u00faar til 3. mars, samtals 6 vikur. M\u00e6lt er me\u00f0 a\u00f0 kl\u00e1ra a.m.k. Jitterbug Stroll \u00e1\u00f0ur en fari\u00f0 er \u00ed [&hellip;]<\/p>\n","protected":false},"featured_media":2060,"comment_status":"closed","ping_status":"closed","template":"","meta":{"_et_pb_use_builder":"","_et_pb_old_content":"","_et_gb_content_width":"","ngg_post_thumbnail":0},"product_brand":[],"product_cat":[97],"product_tag":[],"class_list":{"0":"post-2059","1":"product","2":"type-product","3":"status-publish","4":"has-post-thumbnail","6":"product_cat-rutinur","8":"first","9":"instock","10":"taxable","11":"shipping-taxable","12":"purchasable","13":"product-type-simple"},"_links":{"self":[{"href":"https:\/\/www.sveiflustodin.is\/index.php?rest_route=\/wp\/v2\/product\/2059","targetHints":{"allow":["GET"]}}],"collection":[{"href":"https:\/\/www.sveiflustodin.is\/index.php?rest_route=\/wp\/v2\/product"}],"about":[{"href":"https:\/\/www.sveiflustodin.is\/index.php?rest_route=\/wp\/v2\/types\/product"}],"replies":[{"embeddable":true,"href":"https:\/\/www.sveiflustodin.is\/index.php?rest_route=%2Fwp%2Fv2%2Fcomments&post=2059"}],"wp:featuredmedia":[{"embeddable":true,"href":"https:\/\/www.sveiflustodin.is\/index.php?rest_route=\/wp\/v2\/media\/2060"}],"wp:attachment":[{"href":"https:\/\/www.sveiflustodin.is\/index.php?rest_route=%2Fwp%2Fv2%2Fmedia&parent=2059"}],"wp:term":[{"taxonomy":"product_brand","embeddable":true,"href":"https:\/\/www.sveiflustodin.is\/index.php?rest_route=%2Fwp%2Fv2%2Fproduct_brand&post=2059"},{"taxonomy":"product_cat","embeddable":true,"href":"https:\/\/www.sveiflustodin.is\/index.php?rest_route=%2Fwp%2Fv2%2Fproduct_cat&post=2059"},{"taxonomy":"product_tag","embeddable":true,"href":"https:\/\/www.sveiflustodin.is\/index.php?rest_route=%2Fwp%2Fv2%2Fproduct_tag&post=2059"}],"curies":[{"name":"wp","href":"https:\/\/api.w.org\/{rel}","templated":true}]}}