{"id":2051,"date":"2026-01-05T21:16:38","date_gmt":"2026-01-05T21:16:38","guid":{"rendered":"https:\/\/www.sveiflustodin.is\/?post_type=product&#038;p=2051"},"modified":"2026-01-05T22:12:50","modified_gmt":"2026-01-05T22:12:50","slug":"jitterbug-stroll","status":"publish","type":"product","link":"https:\/\/www.sveiflustodin.is\/?product=jitterbug-stroll","title":{"rendered":"Jitterbug stroll"},"content":{"rendered":"<p>Fyrsta r\u00fat\u00edna vorannarinnar er sveiflul\u00ednudansinn Jitterbug stroll fr\u00e1 1992. R\u00fat\u00ednan er kennd 13. og 20. jan\u00faar klukkan 19:45.&nbsp;<\/p>\n","protected":false},"excerpt":{"rendered":"<p>Fyrsta r\u00fat\u00edna vorannarinnar er sveiflul\u00ednudansinn Jitterbug stroll fr\u00e1 1992. R\u00fat\u00ednan er kennd 13. og 20. jan\u00faar klukkan 19:45.&nbsp;<\/p>\n","protected":false},"featured_media":2054,"comment_status":"closed","ping_status":"closed","template":"","meta":{"_et_pb_use_builder":"","_et_pb_old_content":"","_et_gb_content_width":"","ngg_post_thumbnail":0},"product_brand":[],"product_cat":[97],"product_tag":[],"class_list":{"0":"post-2051","1":"product","2":"type-product","3":"status-publish","4":"has-post-thumbnail","6":"product_cat-rutinur","8":"first","9":"instock","10":"taxable","11":"shipping-taxable","12":"purchasable","13":"product-type-simple"},"_links":{"self":[{"href":"https:\/\/www.sveiflustodin.is\/index.php?rest_route=\/wp\/v2\/product\/2051","targetHints":{"allow":["GET"]}}],"collection":[{"href":"https:\/\/www.sveiflustodin.is\/index.php?rest_route=\/wp\/v2\/product"}],"about":[{"href":"https:\/\/www.sveiflustodin.is\/index.php?rest_route=\/wp\/v2\/types\/product"}],"replies":[{"embeddable":true,"href":"https:\/\/www.sveiflustodin.is\/index.php?rest_route=%2Fwp%2Fv2%2Fcomments&post=2051"}],"wp:featuredmedia":[{"embeddable":true,"href":"https:\/\/www.sveiflustodin.is\/index.php?rest_route=\/wp\/v2\/media\/2054"}],"wp:attachment":[{"href":"https:\/\/www.sveiflustodin.is\/index.php?rest_route=%2Fwp%2Fv2%2Fmedia&parent=2051"}],"wp:term":[{"taxonomy":"product_brand","embeddable":true,"href":"https:\/\/www.sveiflustodin.is\/index.php?rest_route=%2Fwp%2Fv2%2Fproduct_brand&post=2051"},{"taxonomy":"product_cat","embeddable":true,"href":"https:\/\/www.sveiflustodin.is\/index.php?rest_route=%2Fwp%2Fv2%2Fproduct_cat&post=2051"},{"taxonomy":"product_tag","embeddable":true,"href":"https:\/\/www.sveiflustodin.is\/index.php?rest_route=%2Fwp%2Fv2%2Fproduct_tag&post=2051"}],"curies":[{"name":"wp","href":"https:\/\/api.w.org\/{rel}","templated":true}]}}