{"id":1663,"date":"2025-08-21T22:22:51","date_gmt":"2025-08-21T22:22:51","guid":{"rendered":"https:\/\/www.sveiflustodin.is\/?post_type=product&#038;p=1663"},"modified":"2025-08-21T22:23:15","modified_gmt":"2025-08-21T22:23:15","slug":"byrjenda-prufutimi","status":"publish","type":"product","link":"https:\/\/www.sveiflustodin.is\/?product=byrjenda-prufutimi","title":{"rendered":"Byrjenda Prufut\u00edmi"},"content":{"rendered":"<p>Byrjenda prufut\u00edmi er grei\u00f0sla fyrir fyrsta t\u00edma n\u00e1mskei\u00f0s, fyrir \u00fe\u00e1 sem eru ekki vissir hvort \u00feeir vilji skr\u00e1 sig \u00e1 heilt n\u00e1mskei\u00f0. H\u00e6gt er a\u00f0 borga sig \u00ed fyrsta t\u00edmann og ef i\u00f0kandi vill halda \u00e1fram \u00fat n\u00e1mskei\u00f0i\u00f0, er h\u00e6gt a\u00f0 hafa samband vi\u00f0 okkur til a\u00f0 grei\u00f0a upp \u00ed heilt n\u00e1mskei\u00f0.<\/p>\n","protected":false},"excerpt":{"rendered":"<p>Byrjenda prufut\u00edmi er grei\u00f0sla fyrir fyrsta t\u00edma n\u00e1mskei\u00f0s, fyrir \u00fe\u00e1 sem eru ekki vissir hvort \u00feeir vilji skr\u00e1 sig \u00e1 heilt n\u00e1mskei\u00f0. H\u00e6gt er a\u00f0 borga sig \u00ed fyrsta t\u00edmann [&hellip;]<\/p>\n","protected":false},"featured_media":1662,"comment_status":"closed","ping_status":"closed","template":"","meta":{"_et_pb_use_builder":"","_et_pb_old_content":"","_et_gb_content_width":"","ngg_post_thumbnail":0},"product_brand":[],"product_cat":[85],"product_tag":[],"class_list":{"0":"post-1663","1":"product","2":"type-product","3":"status-publish","4":"has-post-thumbnail","6":"product_cat-uncategorised","8":"first","9":"instock","10":"taxable","11":"shipping-taxable","12":"purchasable","13":"product-type-simple"},"_links":{"self":[{"href":"https:\/\/www.sveiflustodin.is\/index.php?rest_route=\/wp\/v2\/product\/1663","targetHints":{"allow":["GET"]}}],"collection":[{"href":"https:\/\/www.sveiflustodin.is\/index.php?rest_route=\/wp\/v2\/product"}],"about":[{"href":"https:\/\/www.sveiflustodin.is\/index.php?rest_route=\/wp\/v2\/types\/product"}],"replies":[{"embeddable":true,"href":"https:\/\/www.sveiflustodin.is\/index.php?rest_route=%2Fwp%2Fv2%2Fcomments&post=1663"}],"wp:featuredmedia":[{"embeddable":true,"href":"https:\/\/www.sveiflustodin.is\/index.php?rest_route=\/wp\/v2\/media\/1662"}],"wp:attachment":[{"href":"https:\/\/www.sveiflustodin.is\/index.php?rest_route=%2Fwp%2Fv2%2Fmedia&parent=1663"}],"wp:term":[{"taxonomy":"product_brand","embeddable":true,"href":"https:\/\/www.sveiflustodin.is\/index.php?rest_route=%2Fwp%2Fv2%2Fproduct_brand&post=1663"},{"taxonomy":"product_cat","embeddable":true,"href":"https:\/\/www.sveiflustodin.is\/index.php?rest_route=%2Fwp%2Fv2%2Fproduct_cat&post=1663"},{"taxonomy":"product_tag","embeddable":true,"href":"https:\/\/www.sveiflustodin.is\/index.php?rest_route=%2Fwp%2Fv2%2Fproduct_tag&post=1663"}],"curies":[{"name":"wp","href":"https:\/\/api.w.org\/{rel}","templated":true}]}}