{"id":1324,"date":"2024-09-01T20:58:37","date_gmt":"2024-09-01T20:58:37","guid":{"rendered":"https:\/\/www.sveiflustodin.is\/?post_type=product&#038;p=1324"},"modified":"2024-09-01T20:59:01","modified_gmt":"2024-09-01T20:59:01","slug":"charleston-3","status":"publish","type":"product","link":"https:\/\/www.sveiflustodin.is\/?product=charleston-3","title":{"rendered":"Charleston 3"},"content":{"rendered":"<p><span style=\"font-weight: 400;\">Lokan\u00e1mskei\u00f0 \u00ed Charleston<\/span><\/p>\n<p><span style=\"font-weight: 400;\">N\u00e1mskei\u00f0i\u00f0 kannar allar helstu listir Charleston dansins \u00feannig a\u00f0 nemendur geti talist meistarar Charleston dansins og haldi\u00f0 \u00fat um h\u00f6f og l\u00f6nd til a\u00f0 sigra heiminn!<\/span><\/p>\n","protected":false},"excerpt":{"rendered":"<p>Lokan\u00e1mskei\u00f0 \u00ed Charleston N\u00e1mskei\u00f0i\u00f0 kannar allar helstu listir Charleston dansins \u00feannig a\u00f0 nemendur geti talist meistarar Charleston dansins og haldi\u00f0 \u00fat um h\u00f6f og l\u00f6nd til a\u00f0 sigra heiminn!<\/p>\n","protected":false},"featured_media":1063,"comment_status":"closed","ping_status":"closed","template":"","meta":{"_et_pb_use_builder":"","_et_pb_old_content":"","_et_gb_content_width":"","ngg_post_thumbnail":0},"product_brand":[],"product_cat":[86],"product_tag":[],"class_list":{"0":"post-1324","1":"product","2":"type-product","3":"status-publish","4":"has-post-thumbnail","6":"product_cat-dansnamskeid","8":"first","9":"instock","10":"virtual","11":"taxable","12":"purchasable","13":"product-type-simple"},"_links":{"self":[{"href":"https:\/\/www.sveiflustodin.is\/index.php?rest_route=\/wp\/v2\/product\/1324","targetHints":{"allow":["GET"]}}],"collection":[{"href":"https:\/\/www.sveiflustodin.is\/index.php?rest_route=\/wp\/v2\/product"}],"about":[{"href":"https:\/\/www.sveiflustodin.is\/index.php?rest_route=\/wp\/v2\/types\/product"}],"replies":[{"embeddable":true,"href":"https:\/\/www.sveiflustodin.is\/index.php?rest_route=%2Fwp%2Fv2%2Fcomments&post=1324"}],"wp:featuredmedia":[{"embeddable":true,"href":"https:\/\/www.sveiflustodin.is\/index.php?rest_route=\/wp\/v2\/media\/1063"}],"wp:attachment":[{"href":"https:\/\/www.sveiflustodin.is\/index.php?rest_route=%2Fwp%2Fv2%2Fmedia&parent=1324"}],"wp:term":[{"taxonomy":"product_brand","embeddable":true,"href":"https:\/\/www.sveiflustodin.is\/index.php?rest_route=%2Fwp%2Fv2%2Fproduct_brand&post=1324"},{"taxonomy":"product_cat","embeddable":true,"href":"https:\/\/www.sveiflustodin.is\/index.php?rest_route=%2Fwp%2Fv2%2Fproduct_cat&post=1324"},{"taxonomy":"product_tag","embeddable":true,"href":"https:\/\/www.sveiflustodin.is\/index.php?rest_route=%2Fwp%2Fv2%2Fproduct_tag&post=1324"}],"curies":[{"name":"wp","href":"https:\/\/api.w.org\/{rel}","templated":true}]}}