{"id":1321,"date":"2024-09-01T20:56:19","date_gmt":"2024-09-01T20:56:19","guid":{"rendered":"https:\/\/www.sveiflustodin.is\/?post_type=product&#038;p=1321"},"modified":"2024-09-01T20:56:42","modified_gmt":"2024-09-01T20:56:42","slug":"lindy-hop-5","status":"publish","type":"product","link":"https:\/\/www.sveiflustodin.is\/?product=lindy-hop-5","title":{"rendered":"Lindy Hop 5"},"content":{"rendered":"<p><span style=\"font-weight: 400;\">\u00datsveifla, \u00fatsveifla, \u00fatsveifla!<\/span><\/p>\n<p><span style=\"font-weight: 400;\">Fr\u00e6gasta og mest einkennandi spor dansins, \u00fatsveifluna, er h\u00e6gt a\u00f0 dansa \u00e1 \u00f3tal margan h\u00e1tt. N\u00e1mskei\u00f0i\u00f0 fer yfir helstu afbrig\u00f0in \u00feannig a\u00f0 \u00fe\u00fa getir sveifla\u00f0 \u00fe\u00e9r \u00fat \u00ed rau\u00f0an dau\u00f0ann.<\/span><\/p>\n","protected":false},"excerpt":{"rendered":"<p>\u00datsveifla, \u00fatsveifla, \u00fatsveifla! Fr\u00e6gasta og mest einkennandi spor dansins, \u00fatsveifluna, er h\u00e6gt a\u00f0 dansa \u00e1 \u00f3tal margan h\u00e1tt. N\u00e1mskei\u00f0i\u00f0 fer yfir helstu afbrig\u00f0in \u00feannig a\u00f0 \u00fe\u00fa getir sveifla\u00f0 \u00fe\u00e9r \u00fat [&hellip;]<\/p>\n","protected":false},"featured_media":733,"comment_status":"closed","ping_status":"closed","template":"","meta":{"_et_pb_use_builder":"","_et_pb_old_content":"","_et_gb_content_width":"","ngg_post_thumbnail":0},"product_brand":[],"product_cat":[86],"product_tag":[],"class_list":{"0":"post-1321","1":"product","2":"type-product","3":"status-publish","4":"has-post-thumbnail","6":"product_cat-dansnamskeid","8":"first","9":"instock","10":"virtual","11":"taxable","12":"purchasable","13":"product-type-simple"},"_links":{"self":[{"href":"https:\/\/www.sveiflustodin.is\/index.php?rest_route=\/wp\/v2\/product\/1321","targetHints":{"allow":["GET"]}}],"collection":[{"href":"https:\/\/www.sveiflustodin.is\/index.php?rest_route=\/wp\/v2\/product"}],"about":[{"href":"https:\/\/www.sveiflustodin.is\/index.php?rest_route=\/wp\/v2\/types\/product"}],"replies":[{"embeddable":true,"href":"https:\/\/www.sveiflustodin.is\/index.php?rest_route=%2Fwp%2Fv2%2Fcomments&post=1321"}],"wp:featuredmedia":[{"embeddable":true,"href":"https:\/\/www.sveiflustodin.is\/index.php?rest_route=\/wp\/v2\/media\/733"}],"wp:attachment":[{"href":"https:\/\/www.sveiflustodin.is\/index.php?rest_route=%2Fwp%2Fv2%2Fmedia&parent=1321"}],"wp:term":[{"taxonomy":"product_brand","embeddable":true,"href":"https:\/\/www.sveiflustodin.is\/index.php?rest_route=%2Fwp%2Fv2%2Fproduct_brand&post=1321"},{"taxonomy":"product_cat","embeddable":true,"href":"https:\/\/www.sveiflustodin.is\/index.php?rest_route=%2Fwp%2Fv2%2Fproduct_cat&post=1321"},{"taxonomy":"product_tag","embeddable":true,"href":"https:\/\/www.sveiflustodin.is\/index.php?rest_route=%2Fwp%2Fv2%2Fproduct_tag&post=1321"}],"curies":[{"name":"wp","href":"https:\/\/api.w.org\/{rel}","templated":true}]}}