{"id":1320,"date":"2024-09-01T20:55:47","date_gmt":"2024-09-01T20:55:47","guid":{"rendered":"https:\/\/www.sveiflustodin.is\/?post_type=product&#038;p=1320"},"modified":"2024-09-01T20:56:12","modified_gmt":"2024-09-01T20:56:12","slug":"lindy-hop-4","status":"publish","type":"product","link":"https:\/\/www.sveiflustodin.is\/?product=lindy-hop-4","title":{"rendered":"Lindy Hop 4"},"content":{"rendered":"<p><span style=\"font-weight: 400;\">Skemmtun og gaman, t\u00e6knilega s\u00e9\u00f0.<\/span><\/p>\n<p><span style=\"font-weight: 400;\">Fari\u00f0 ver\u00f0ur yfir \u00f6ll helstu atri\u00f0i g\u00f3\u00f0rar t\u00e6kni \u00ed Lindy Hop. Fyrir hvert t\u00e6kniatri\u00f0i ver\u00f0a \u00e6fingarnar skemmtileg spor sem er h\u00e6gt a\u00f0 n\u00fdta \u00e1 dansg\u00f3lfinu. \u00deetta n\u00e1mskei\u00f0 er kennt einu sinni \u00e1 \u00e1ri og er hugsa\u00f0 \u00feannig a\u00f0 h\u00e6gt s\u00e9 a\u00f0 taka \u00fea\u00f0 oft til \u00feess a\u00f0 p\u00fassa t\u00e6knina \u00fear til h\u00fan glansar.<\/span><\/p>\n","protected":false},"excerpt":{"rendered":"<p>Skemmtun og gaman, t\u00e6knilega s\u00e9\u00f0. Fari\u00f0 ver\u00f0ur yfir \u00f6ll helstu atri\u00f0i g\u00f3\u00f0rar t\u00e6kni \u00ed Lindy Hop. Fyrir hvert t\u00e6kniatri\u00f0i ver\u00f0a \u00e6fingarnar skemmtileg spor sem er h\u00e6gt a\u00f0 n\u00fdta \u00e1 dansg\u00f3lfinu. [&hellip;]<\/p>\n","protected":false},"featured_media":733,"comment_status":"closed","ping_status":"closed","template":"","meta":{"_et_pb_use_builder":"","_et_pb_old_content":"","_et_gb_content_width":"","ngg_post_thumbnail":0},"product_brand":[],"product_cat":[86],"product_tag":[],"class_list":{"0":"post-1320","1":"product","2":"type-product","3":"status-publish","4":"has-post-thumbnail","6":"product_cat-dansnamskeid","8":"first","9":"instock","10":"virtual","11":"taxable","12":"purchasable","13":"product-type-simple"},"_links":{"self":[{"href":"https:\/\/www.sveiflustodin.is\/index.php?rest_route=\/wp\/v2\/product\/1320","targetHints":{"allow":["GET"]}}],"collection":[{"href":"https:\/\/www.sveiflustodin.is\/index.php?rest_route=\/wp\/v2\/product"}],"about":[{"href":"https:\/\/www.sveiflustodin.is\/index.php?rest_route=\/wp\/v2\/types\/product"}],"replies":[{"embeddable":true,"href":"https:\/\/www.sveiflustodin.is\/index.php?rest_route=%2Fwp%2Fv2%2Fcomments&post=1320"}],"wp:featuredmedia":[{"embeddable":true,"href":"https:\/\/www.sveiflustodin.is\/index.php?rest_route=\/wp\/v2\/media\/733"}],"wp:attachment":[{"href":"https:\/\/www.sveiflustodin.is\/index.php?rest_route=%2Fwp%2Fv2%2Fmedia&parent=1320"}],"wp:term":[{"taxonomy":"product_brand","embeddable":true,"href":"https:\/\/www.sveiflustodin.is\/index.php?rest_route=%2Fwp%2Fv2%2Fproduct_brand&post=1320"},{"taxonomy":"product_cat","embeddable":true,"href":"https:\/\/www.sveiflustodin.is\/index.php?rest_route=%2Fwp%2Fv2%2Fproduct_cat&post=1320"},{"taxonomy":"product_tag","embeddable":true,"href":"https:\/\/www.sveiflustodin.is\/index.php?rest_route=%2Fwp%2Fv2%2Fproduct_tag&post=1320"}],"curies":[{"name":"wp","href":"https:\/\/api.w.org\/{rel}","templated":true}]}}