{"id":1319,"date":"2024-09-01T20:54:59","date_gmt":"2024-09-01T20:54:59","guid":{"rendered":"https:\/\/www.sveiflustodin.is\/?post_type=product&#038;p=1319"},"modified":"2024-09-01T20:55:21","modified_gmt":"2024-09-01T20:55:21","slug":"lindy-hop-3","status":"publish","type":"product","link":"https:\/\/www.sveiflustodin.is\/?product=lindy-hop-3","title":{"rendered":"Lindy Hop 3"},"content":{"rendered":"<p><span style=\"font-weight: 400;\">Lokagrunnn\u00e1mskei\u00f0 \u00ed Lindy Hop<\/span><\/p>\n<p><span style=\"font-weight: 400;\">N\u00e1mskei\u00f0i\u00f0 kl\u00e1rar grunn nemenda \u00ed Lindy Hop me\u00f0 \u00fdmsum sporum sem allir \u00e6ttu a\u00f0 kunna, \u00fear \u00e1 me\u00f0al mest einkennandi spor dansins, Lindy hringinn og \u00fatsveifluna.<\/span><\/p>\n","protected":false},"excerpt":{"rendered":"<p>Lokagrunnn\u00e1mskei\u00f0 \u00ed Lindy Hop N\u00e1mskei\u00f0i\u00f0 kl\u00e1rar grunn nemenda \u00ed Lindy Hop me\u00f0 \u00fdmsum sporum sem allir \u00e6ttu a\u00f0 kunna, \u00fear \u00e1 me\u00f0al mest einkennandi spor dansins, Lindy hringinn og \u00fatsveifluna.<\/p>\n","protected":false},"featured_media":733,"comment_status":"closed","ping_status":"closed","template":"","meta":{"_et_pb_use_builder":"","_et_pb_old_content":"","_et_gb_content_width":"","ngg_post_thumbnail":0},"product_brand":[],"product_cat":[86],"product_tag":[],"class_list":{"0":"post-1319","1":"product","2":"type-product","3":"status-publish","4":"has-post-thumbnail","6":"product_cat-dansnamskeid","8":"first","9":"instock","10":"virtual","11":"taxable","12":"purchasable","13":"product-type-simple"},"_links":{"self":[{"href":"https:\/\/www.sveiflustodin.is\/index.php?rest_route=\/wp\/v2\/product\/1319","targetHints":{"allow":["GET"]}}],"collection":[{"href":"https:\/\/www.sveiflustodin.is\/index.php?rest_route=\/wp\/v2\/product"}],"about":[{"href":"https:\/\/www.sveiflustodin.is\/index.php?rest_route=\/wp\/v2\/types\/product"}],"replies":[{"embeddable":true,"href":"https:\/\/www.sveiflustodin.is\/index.php?rest_route=%2Fwp%2Fv2%2Fcomments&post=1319"}],"wp:featuredmedia":[{"embeddable":true,"href":"https:\/\/www.sveiflustodin.is\/index.php?rest_route=\/wp\/v2\/media\/733"}],"wp:attachment":[{"href":"https:\/\/www.sveiflustodin.is\/index.php?rest_route=%2Fwp%2Fv2%2Fmedia&parent=1319"}],"wp:term":[{"taxonomy":"product_brand","embeddable":true,"href":"https:\/\/www.sveiflustodin.is\/index.php?rest_route=%2Fwp%2Fv2%2Fproduct_brand&post=1319"},{"taxonomy":"product_cat","embeddable":true,"href":"https:\/\/www.sveiflustodin.is\/index.php?rest_route=%2Fwp%2Fv2%2Fproduct_cat&post=1319"},{"taxonomy":"product_tag","embeddable":true,"href":"https:\/\/www.sveiflustodin.is\/index.php?rest_route=%2Fwp%2Fv2%2Fproduct_tag&post=1319"}],"curies":[{"name":"wp","href":"https:\/\/api.w.org\/{rel}","templated":true}]}}