{"id":1318,"date":"2024-09-01T20:53:44","date_gmt":"2024-09-01T20:53:44","guid":{"rendered":"https:\/\/www.sveiflustodin.is\/?post_type=product&#038;p=1318"},"modified":"2024-09-01T20:54:29","modified_gmt":"2024-09-01T20:54:29","slug":"lindy-hop-2","status":"publish","type":"product","link":"https:\/\/www.sveiflustodin.is\/?product=lindy-hop-2","title":{"rendered":"Lindy Hop 2"},"content":{"rendered":"<p><span style=\"font-weight: 400;\">Grunnn\u00e1mskei\u00f0 \u00ed helstu formum Lindy Hop dansins<\/span><\/p>\n<p><span style=\"font-weight: 400;\">N\u00e1mskei\u00f0i\u00f0 fer yfir helstu formin \u00ed Lindy Hop og hvernig m\u00e1 leika s\u00e9r me\u00f0 \u00feau til a\u00f0 f\u00e1 \u00f3grynni af sporum og hreyfingum \u00far einf\u00f6ldum grunni.<\/span><\/p>\n","protected":false},"excerpt":{"rendered":"<p>Grunnn\u00e1mskei\u00f0 \u00ed helstu formum Lindy Hop dansins N\u00e1mskei\u00f0i\u00f0 fer yfir helstu formin \u00ed Lindy Hop og hvernig m\u00e1 leika s\u00e9r me\u00f0 \u00feau til a\u00f0 f\u00e1 \u00f3grynni af sporum og hreyfingum [&hellip;]<\/p>\n","protected":false},"featured_media":733,"comment_status":"closed","ping_status":"closed","template":"","meta":{"_et_pb_use_builder":"","_et_pb_old_content":"","_et_gb_content_width":"","ngg_post_thumbnail":0},"product_brand":[],"product_cat":[86],"product_tag":[],"class_list":{"0":"post-1318","1":"product","2":"type-product","3":"status-publish","4":"has-post-thumbnail","6":"product_cat-dansnamskeid","8":"first","9":"instock","10":"virtual","11":"taxable","12":"purchasable","13":"product-type-simple"},"_links":{"self":[{"href":"https:\/\/www.sveiflustodin.is\/index.php?rest_route=\/wp\/v2\/product\/1318","targetHints":{"allow":["GET"]}}],"collection":[{"href":"https:\/\/www.sveiflustodin.is\/index.php?rest_route=\/wp\/v2\/product"}],"about":[{"href":"https:\/\/www.sveiflustodin.is\/index.php?rest_route=\/wp\/v2\/types\/product"}],"replies":[{"embeddable":true,"href":"https:\/\/www.sveiflustodin.is\/index.php?rest_route=%2Fwp%2Fv2%2Fcomments&post=1318"}],"wp:featuredmedia":[{"embeddable":true,"href":"https:\/\/www.sveiflustodin.is\/index.php?rest_route=\/wp\/v2\/media\/733"}],"wp:attachment":[{"href":"https:\/\/www.sveiflustodin.is\/index.php?rest_route=%2Fwp%2Fv2%2Fmedia&parent=1318"}],"wp:term":[{"taxonomy":"product_brand","embeddable":true,"href":"https:\/\/www.sveiflustodin.is\/index.php?rest_route=%2Fwp%2Fv2%2Fproduct_brand&post=1318"},{"taxonomy":"product_cat","embeddable":true,"href":"https:\/\/www.sveiflustodin.is\/index.php?rest_route=%2Fwp%2Fv2%2Fproduct_cat&post=1318"},{"taxonomy":"product_tag","embeddable":true,"href":"https:\/\/www.sveiflustodin.is\/index.php?rest_route=%2Fwp%2Fv2%2Fproduct_tag&post=1318"}],"curies":[{"name":"wp","href":"https:\/\/api.w.org\/{rel}","templated":true}]}}