{"id":1317,"date":"2024-09-01T20:53:06","date_gmt":"2024-09-01T20:53:06","guid":{"rendered":"https:\/\/www.sveiflustodin.is\/?post_type=product&#038;p=1317"},"modified":"2024-09-01T20:53:34","modified_gmt":"2024-09-01T20:53:34","slug":"lindy-hop-1","status":"publish","type":"product","link":"https:\/\/www.sveiflustodin.is\/?product=lindy-hop-1","title":{"rendered":"Lindy Hop 1"},"content":{"rendered":"<p><span style=\"font-weight: 400;\">Byrjendan\u00e1mskei\u00f0 \u00ed sveifludansinum Lindy Hop me\u00f0 \u00e1herslu \u00e1 frelsi og skemmtun.<\/span><\/p>\n<p><span style=\"font-weight: 400;\">Grunnspor dansins ver\u00f0a kennd \u00feannig a\u00f0 nemendur f\u00e1i tilfinningu fyrir t\u00f3nlistinni og hreyfingunni \u00ed dansinum. L\u00f6g\u00f0 er \u00e1hersla \u00e1 a\u00f0 nemendur finni fyrir frelsinu og skemmtuninni sem felst \u00ed dansinum.<\/span><\/p>\n","protected":false},"excerpt":{"rendered":"<p>Byrjendan\u00e1mskei\u00f0 \u00ed sveifludansinum Lindy Hop me\u00f0 \u00e1herslu \u00e1 frelsi og skemmtun. Grunnspor dansins ver\u00f0a kennd \u00feannig a\u00f0 nemendur f\u00e1i tilfinningu fyrir t\u00f3nlistinni og hreyfingunni \u00ed dansinum. L\u00f6g\u00f0 er \u00e1hersla \u00e1 [&hellip;]<\/p>\n","protected":false},"featured_media":733,"comment_status":"closed","ping_status":"closed","template":"","meta":{"_et_pb_use_builder":"","_et_pb_old_content":"","_et_gb_content_width":"","ngg_post_thumbnail":0},"product_brand":[],"product_cat":[86],"product_tag":[],"class_list":{"0":"post-1317","1":"product","2":"type-product","3":"status-publish","4":"has-post-thumbnail","6":"product_cat-dansnamskeid","8":"first","9":"instock","10":"virtual","11":"taxable","12":"purchasable","13":"product-type-simple"},"_links":{"self":[{"href":"https:\/\/www.sveiflustodin.is\/index.php?rest_route=\/wp\/v2\/product\/1317","targetHints":{"allow":["GET"]}}],"collection":[{"href":"https:\/\/www.sveiflustodin.is\/index.php?rest_route=\/wp\/v2\/product"}],"about":[{"href":"https:\/\/www.sveiflustodin.is\/index.php?rest_route=\/wp\/v2\/types\/product"}],"replies":[{"embeddable":true,"href":"https:\/\/www.sveiflustodin.is\/index.php?rest_route=%2Fwp%2Fv2%2Fcomments&post=1317"}],"wp:featuredmedia":[{"embeddable":true,"href":"https:\/\/www.sveiflustodin.is\/index.php?rest_route=\/wp\/v2\/media\/733"}],"wp:attachment":[{"href":"https:\/\/www.sveiflustodin.is\/index.php?rest_route=%2Fwp%2Fv2%2Fmedia&parent=1317"}],"wp:term":[{"taxonomy":"product_brand","embeddable":true,"href":"https:\/\/www.sveiflustodin.is\/index.php?rest_route=%2Fwp%2Fv2%2Fproduct_brand&post=1317"},{"taxonomy":"product_cat","embeddable":true,"href":"https:\/\/www.sveiflustodin.is\/index.php?rest_route=%2Fwp%2Fv2%2Fproduct_cat&post=1317"},{"taxonomy":"product_tag","embeddable":true,"href":"https:\/\/www.sveiflustodin.is\/index.php?rest_route=%2Fwp%2Fv2%2Fproduct_tag&post=1317"}],"curies":[{"name":"wp","href":"https:\/\/api.w.org\/{rel}","templated":true}]}}